{"id":1454,"date":"2023-12-03T14:46:54","date_gmt":"2023-12-03T14:46:54","guid":{"rendered":"https:\/\/pensionjana.eu\/o-pensionu\/"},"modified":"2023-12-10T18:56:47","modified_gmt":"2023-12-10T18:56:47","slug":"unterkunft","status":"publish","type":"page","link":"https:\/\/pensionjana.eu\/de\/unterkunft\/","title":{"rendered":"Unterkunft"},"content":{"rendered":"\t\t<div data-elementor-type=\"wp-page\" data-elementor-id=\"1454\" class=\"elementor elementor-1454 elementor-808\" data-elementor-post-type=\"page\">\n\t\t\t\t<div class=\"elementor-element elementor-element-60de1c83 e-con-full e-flex wpr-particle-no wpr-jarallax-no wpr-parallax-no wpr-sticky-section-no wpr-equal-height-no e-con e-parent\" data-id=\"60de1c83\" data-element_type=\"container\" data-e-type=\"container\">\n\t\t<div class=\"elementor-element elementor-element-561860d e-con-full e-flex wpr-particle-no wpr-jarallax-no wpr-parallax-no wpr-sticky-section-no wpr-equal-height-no e-con e-child\" data-id=\"561860d\" data-element_type=\"container\" data-e-type=\"container\" data-settings=\"{&quot;background_background&quot;:&quot;gradient&quot;}\">\n\t\t\t\t<div class=\"elementor-element elementor-element-d8b123f elementor-widget elementor-widget-heading\" data-id=\"d8b123f\" data-element_type=\"widget\" data-e-type=\"widget\" data-widget_type=\"heading.default\">\n\t\t\t\t<div class=\"elementor-widget-container\">\n\t\t\t\t\t<h2 class=\"elementor-heading-title elementor-size-default\">Unterkunft B\u00f6hmisches Paradies \n<br>und Riesengebirge mit Halbpension<\/h2>\t\t\t\t<\/div>\n\t\t\t\t<\/div>\n\t\t\t\t<\/div>\n\t\t<div class=\"elementor-element elementor-element-6338d7e e-con-full e-flex wpr-particle-no wpr-jarallax-no wpr-parallax-no wpr-sticky-section-no wpr-equal-height-no e-con e-child\" data-id=\"6338d7e\" data-element_type=\"container\" data-e-type=\"container\" data-settings=\"{&quot;background_background&quot;:&quot;classic&quot;}\">\n\t\t<div class=\"elementor-element elementor-element-4971bf7 e-con-full e-flex wpr-particle-no wpr-jarallax-no wpr-parallax-no wpr-sticky-section-no wpr-equal-height-no e-con e-child\" data-id=\"4971bf7\" data-element_type=\"container\" data-e-type=\"container\">\n\t\t\t\t<div class=\"elementor-element elementor-element-de2b040 elementor-widget elementor-widget-heading\" data-id=\"de2b040\" data-element_type=\"widget\" data-e-type=\"widget\" data-widget_type=\"heading.default\">\n\t\t\t\t<div class=\"elementor-widget-container\">\n\t\t\t\t\t<h2 class=\"elementor-heading-title elementor-size-default\">\u00dcber das G\u00e4stehaus<\/h2>\t\t\t\t<\/div>\n\t\t\t\t<\/div>\n\t\t\t\t<div class=\"elementor-element elementor-element-dbd586d elementor-widget elementor-widget-text-editor\" data-id=\"dbd586d\" data-element_type=\"widget\" data-e-type=\"widget\" data-widget_type=\"text-editor.default\">\n\t\t\t\t<div class=\"elementor-widget-container\">\n\t\t\t\t\t\t\t\t\t<p><\/p>\n<p>Die Pension Jana (Familienhotel) befindet sich im Dorf M\u0159\u00ed\u010dn\u00e1 an der Grenze zum B\u00f6hmischen Paradies, direkt vor den Toren des westlichen Riesengebirges (Krkono\u0161e). M\u0159\u00ed\u010dn\u00e1 r\u00fchmt sich mit dem Titel &#8222;Dorf des Jahres 2015&#8220; der Region Liberec.<\/p>\n<p>Seine einzigartige Lage l\u00e4dt f\u00f6rmlich dazu ein, die nat\u00fcrlichen und kulturellen Sehensw\u00fcrdigkeiten des B\u00f6hmischen Paradieses und des Riesengebirges zu besuchen.<\/p>\n<p>Die Umgebung der Pension bietet eine Vielzahl von Sport- und Freizeitaktivit\u00e4ten f\u00fcr jedermann.<\/p>\n<p>Die Unterkunft im B\u00f6hmischen Paradies und im Riesengebirge bietet Ihnen die M\u00f6glichkeit, in der Sommersaison eine Reihe markierter Wander- und Radwege zu nutzen und unter anderem eine Reihe von Burgen, Schl\u00f6ssern und Denkm\u00e4lern des B\u00f6hmischen Paradieses, des Riesengebirges und des Riesengebirges oder die Zoo-Safari in Dv\u016fr Kr\u00e1lov\u00e9 zu besuchen. Sie k\u00f6nnen sich auch von unserem Angebot an Tagesausfl\u00fcgen inspirieren lassen.<\/p>\n<p>Wer weniger aktiv ist, kann sich am Pool und auf der Sommerterrasse mit gem\u00fctlichen Sitzgelegenheiten entspannen oder einen Spaziergang im Wald hinter dem Haus machen.<\/p>\n<p>Im Winter hingegen sch\u00e4tzen unsere G\u00e4ste den Vorteil einer Unterkunft am Fu\u00dfe des Riesengebirges, die die einmalige M\u00f6glichkeit bietet, jeden Tag in einem anderen Skigebiet zu verbringen. Die Pension Jana befindet sich in idealer Entfernung zu mehreren der gr\u00f6\u00dften Skigebiete im Riesengebirge. Innerhalb von 35 Minuten k\u00f6nnen Sie Harrachov, Rokytnice nad Jizerou, Benecko, Spindleruv Mlyn oder Jansk\u00e9 l\u00e1zn\u011b &#8211; \u010cern\u00e1 hora erreichen.<\/p>\t\t\t\t\t\t\t\t<\/div>\n\t\t\t\t<\/div>\n\t\t\t\t<\/div>\n\t\t<div class=\"elementor-element elementor-element-b8d51e3 e-con-full e-flex wpr-particle-no wpr-jarallax-no wpr-parallax-no wpr-sticky-section-no wpr-equal-height-no e-con e-child\" data-id=\"b8d51e3\" data-element_type=\"container\" data-e-type=\"container\" data-settings=\"{&quot;background_background&quot;:&quot;classic&quot;}\">\n\t\t\t\t<\/div>\n\t\t\t\t<\/div>\n\t\t<div class=\"elementor-element elementor-element-043f5ca e-con-full e-flex wpr-particle-no wpr-jarallax-no wpr-parallax-no wpr-sticky-section-no wpr-equal-height-no e-con e-child\" data-id=\"043f5ca\" data-element_type=\"container\" data-e-type=\"container\">\n\t\t\t\t<div class=\"elementor-element elementor-element-4d32b82 elementor-widget elementor-widget-heading\" data-id=\"4d32b82\" data-element_type=\"widget\" data-e-type=\"widget\" data-widget_type=\"heading.default\">\n\t\t\t\t<div class=\"elementor-widget-container\">\n\t\t\t\t\t<h2 class=\"elementor-heading-title elementor-size-default\">Was k\u00f6nnen wir Ihnen bieten?<\/h2>\t\t\t\t<\/div>\n\t\t\t\t<\/div>\n\t\t\t\t<div class=\"elementor-element elementor-element-38a3ddef elementor-widget elementor-widget-text-editor\" data-id=\"38a3ddef\" data-element_type=\"widget\" data-e-type=\"widget\" data-widget_type=\"text-editor.default\">\n\t\t\t\t<div class=\"elementor-widget-container\">\n\t\t\t\t\t\t\t\t\t<p><strong><\/strong><\/p>\n<p><strong><\/strong><\/p>\n<p><strong><\/strong><\/p>\n<p>Komfortable Unterkunft B\u00f6hmisches Paradies &#8211; Qualit\u00e4tshotel Boxspringbetten, Halbpension, beheiztes Hallenbad mit Gegenstromanlage, Bar, Sauna, Ruheraum, Massage, Fahrrad- oder Skiaufbewahrung.<\/p>\n<h3>Verpflegung &#8211; Restaurant<\/h3>\n<p>Wir bieten ganzj\u00e4hrig Unterkunft im B\u00f6hmischen Paradies mit Halbpension, wir kochen nur f\u00fcr die G\u00e4ste (Fr\u00fchst\u00fcck + Abendessen).<\/p>\n<ul>\n<li>Fr\u00fchst\u00fcck (reichhaltiges Buffet mit warmen und kalten Getr\u00e4nken)<\/li>\n<li>Abendessen (Zwei-G\u00e4nge-Men\u00fc, Vorspeise, Hauptgericht, Dessert oder Salat)<\/li>\n<\/ul>\n<p>Ehrliche, hausgemachte tschechische K\u00fcche in unserem Restaurant mit Cocktailbar, wo wir Mischgetr\u00e4nke zubereiten.<br \/>Der Restaurantbereich wird von einem franz\u00f6sischen Fenster mit Blick auf die Landschaft und die \u00f6rtliche Kirche dominiert.<\/p>\n<h3>Appartements und Zimmer<\/h3>\n<p>Unterkunft in komfortablen gelben und blauen Appartements f\u00fcr 2-6 Personen.<br \/>F\u00fcr weniger anspruchsvolle G\u00e4ste bieten wir Unterkunft in 2-3-Bett-Zimmern mit eigenem Bad und TV.<br \/>Jeder unserer G\u00e4ste hat einen reservierten Parkplatz am Haus.<br \/>Um die Qualit\u00e4t der Unterkunft zu gew\u00e4hrleisten, bieten wir Ihnen einen regelm\u00e4\u00dfigen Reinigungsservice von Mo-Fr an, der im Preis Ihres Aufenthaltes enthalten ist.<\/p>\n<h3>Wer ist unser Gast?<\/h3>\n<p>Das G\u00e4stehaus ist geeignet f\u00fcr Familien mit Kindern, Senioren, Paare oder private Veranstaltungen. Auf Anfrage stellen wir Ihnen gerne ein Babybett, Babyphone, Babyflaschenw\u00e4rmer, Hochstuhl oder Haartrockner zur Verf\u00fcgung. F\u00fcnf Gehminuten vom G\u00e4stehaus entfernt befindet sich ein gut ausgestatteter Spielplatz mit Erfrischungsm\u00f6glichkeiten. Ein gut erzogener Hund in Ihrer Gesellschaft ist ebenfalls unser Gast.<\/p>\n<h3>Sauna und Massagen<\/h3>\n<p>In der Pension k\u00f6nnen Sie eine private Sauna mit Abk\u00fchlungsbecken und einen Ruheraum nutzen. Auch Massagen sind nach vorheriger Absprache m\u00f6glich. www.saunapohoda.cz<\/p>\n<h3>Ausfl\u00fcge mit dem Fahrrad<\/h3>\n<p>F\u00fcr Fahrradliebhaber gibt es in der N\u00e4he der Pension eine Reihe von Radwegen f\u00fcr Rennr\u00e4der und Mountainbikes. Unsere Pension verf\u00fcgt auch \u00fcber einen Fahrradabstellraum.<\/p>\n<h3>Planung von Ausfl\u00fcgen und Programmen<\/h3>\n<p>Falls es Ihnen zu langweilig wird, geben wir Ihnen gerne Tipps f\u00fcr Ausfl\u00fcge in die Umgebung mit Abfahrt nach dem Fr\u00fchst\u00fcck und R\u00fcckkehr zum Abendessen.<\/p>\n<p>\u00a0<\/p>\n<p>\u00a0<\/p>\n<p><strong><\/strong><\/p>\t\t\t\t\t\t\t\t<\/div>\n\t\t\t\t<\/div>\n\t\t\t\t<\/div>\n\t\t\t\t<\/div>\n\t\t\t\t<\/div>\n\t\t","protected":false},"excerpt":{"rendered":"<p>Unterkunft B\u00f6hmisches Paradies und Riesengebirge mit Halbpension \u00dcber das G\u00e4stehaus Die Pension Jana (Familienhotel) befindet sich im Dorf M\u0159\u00ed\u010dn\u00e1 an der Grenze zum B\u00f6hmischen Paradies, direkt vor den Toren des westlichen Riesengebirges (Krkono\u0161e). M\u0159\u00ed\u010dn\u00e1 r\u00fchmt sich mit dem Titel &#8222;Dorf des Jahres 2015&#8220; der Region Liberec. Seine einzigartige Lage l\u00e4dt f\u00f6rmlich dazu ein, die nat\u00fcrlichen und kulturellen Sehensw\u00fcrdigkeiten des B\u00f6hmischen Paradieses und des Riesengebirges zu besuchen. Die Umgebung der Pension bietet eine Vielzahl von Sport- und Freizeitaktivit\u00e4ten f\u00fcr jedermann. Die Unterkunft im B\u00f6hmischen Paradies und im Riesengebirge bietet Ihnen die M\u00f6glichkeit, in der Sommersaison eine Reihe markierter Wander- und Radwege zu nutzen und unter anderem eine Reihe von Burgen, Schl\u00f6ssern und Denkm\u00e4lern des B\u00f6hmischen Paradieses, des Riesengebirges und des Riesengebirges oder die Zoo-Safari in Dv\u016fr Kr\u00e1lov\u00e9 zu besuchen. Sie k\u00f6nnen sich auch von unserem Angebot an Tagesausfl\u00fcgen inspirieren lassen. Wer weniger aktiv ist, kann sich am Pool und auf der Sommerterrasse mit gem\u00fctlichen Sitzgelegenheiten entspannen oder einen Spaziergang im Wald hinter dem Haus machen. Im Winter hingegen sch\u00e4tzen unsere G\u00e4ste den Vorteil einer Unterkunft am Fu\u00dfe des Riesengebirges, die die einmalige M\u00f6glichkeit bietet, jeden Tag in einem anderen Skigebiet zu verbringen. Die Pension Jana befindet sich in idealer Entfernung zu mehreren der gr\u00f6\u00dften Skigebiete im Riesengebirge. Innerhalb von 35 Minuten k\u00f6nnen Sie Harrachov, Rokytnice nad Jizerou, Benecko, Spindleruv Mlyn oder Jansk\u00e9 l\u00e1zn\u011b &#8211; \u010cern\u00e1 hora erreichen. Was k\u00f6nnen wir Ihnen bieten? Komfortable Unterkunft B\u00f6hmisches Paradies &#8211; Qualit\u00e4tshotel Boxspringbetten, Halbpension, beheiztes Hallenbad mit Gegenstromanlage, Bar, Sauna, Ruheraum, Massage, Fahrrad- oder Skiaufbewahrung. Verpflegung &#8211; Restaurant Wir bieten ganzj\u00e4hrig Unterkunft im B\u00f6hmischen Paradies mit Halbpension, wir kochen nur f\u00fcr die G\u00e4ste (Fr\u00fchst\u00fcck + Abendessen). Fr\u00fchst\u00fcck (reichhaltiges Buffet mit warmen und kalten Getr\u00e4nken) Abendessen (Zwei-G\u00e4nge-Men\u00fc, Vorspeise, Hauptgericht, Dessert oder Salat) Ehrliche, hausgemachte tschechische K\u00fcche in unserem Restaurant mit Cocktailbar, wo wir Mischgetr\u00e4nke zubereiten.Der Restaurantbereich wird von einem franz\u00f6sischen Fenster mit Blick auf die Landschaft und die \u00f6rtliche Kirche dominiert. Appartements und Zimmer Unterkunft in komfortablen gelben und blauen Appartements f\u00fcr 2-6 Personen.F\u00fcr weniger anspruchsvolle G\u00e4ste bieten wir Unterkunft in 2-3-Bett-Zimmern mit eigenem Bad und TV.Jeder unserer G\u00e4ste hat einen reservierten Parkplatz am Haus.Um die Qualit\u00e4t der Unterkunft zu gew\u00e4hrleisten, bieten wir Ihnen einen regelm\u00e4\u00dfigen Reinigungsservice von Mo-Fr an, der im Preis Ihres Aufenthaltes enthalten ist. Wer ist unser Gast? Das G\u00e4stehaus ist geeignet f\u00fcr Familien mit Kindern, Senioren, Paare oder private Veranstaltungen. Auf Anfrage stellen wir Ihnen gerne ein Babybett, Babyphone, Babyflaschenw\u00e4rmer, Hochstuhl oder Haartrockner zur Verf\u00fcgung. F\u00fcnf Gehminuten vom G\u00e4stehaus entfernt befindet sich ein gut ausgestatteter Spielplatz mit Erfrischungsm\u00f6glichkeiten. Ein gut erzogener Hund in Ihrer Gesellschaft ist ebenfalls unser Gast. Sauna und Massagen In der Pension k\u00f6nnen Sie eine private Sauna mit Abk\u00fchlungsbecken und einen Ruheraum nutzen. Auch Massagen sind nach vorheriger Absprache m\u00f6glich. www.saunapohoda.cz Ausfl\u00fcge mit dem Fahrrad F\u00fcr Fahrradliebhaber gibt es in der N\u00e4he der Pension eine Reihe von Radwegen f\u00fcr Rennr\u00e4der und Mountainbikes. Unsere Pension verf\u00fcgt auch \u00fcber einen Fahrradabstellraum. Planung von Ausfl\u00fcgen und Programmen Falls es Ihnen zu langweilig wird, geben wir Ihnen gerne Tipps f\u00fcr Ausfl\u00fcge in die Umgebung mit Abfahrt nach dem Fr\u00fchst\u00fcck und R\u00fcckkehr zum Abendessen. \u00a0 \u00a0<\/p>\n","protected":false},"author":1,"featured_media":0,"parent":0,"menu_order":0,"comment_status":"closed","ping_status":"closed","template":"","meta":{"inline_featured_image":false,"site-sidebar-layout":"default","site-content-layout":"","ast-site-content-layout":"full-width-container","site-content-style":"unboxed","site-sidebar-style":"default","ast-global-header-display":"","ast-banner-title-visibility":"","ast-main-header-display":"","ast-hfb-above-header-display":"","ast-hfb-below-header-display":"","ast-hfb-mobile-header-display":"","site-post-title":"","ast-breadcrumbs-content":"","ast-featured-img":"","footer-sml-layout":"","ast-disable-related-posts":"","theme-transparent-header-meta":"","adv-header-id-meta":"","stick-header-meta":"","header-above-stick-meta":"","header-main-stick-meta":"","header-below-stick-meta":"","astra-migrate-meta-layouts":"set","ast-page-background-enabled":"default","ast-page-background-meta":{"desktop":{"background-color":"","background-image":"","background-repeat":"repeat","background-position":"center center","background-size":"auto","background-attachment":"scroll","background-type":"","background-media":"","overlay-type":"","overlay-color":"","overlay-opacity":"","overlay-gradient":""},"tablet":{"background-color":"","background-image":"","background-repeat":"repeat","background-position":"center center","background-size":"auto","background-attachment":"scroll","background-type":"","background-media":"","overlay-type":"","overlay-color":"","overlay-opacity":"","overlay-gradient":""},"mobile":{"background-color":"","background-image":"","background-repeat":"repeat","background-position":"center center","background-size":"auto","background-attachment":"scroll","background-type":"","background-media":"","overlay-type":"","overlay-color":"","overlay-opacity":"","overlay-gradient":""}},"ast-content-background-meta":{"desktop":{"background-color":"var(--ast-global-color-5)","background-image":"","background-repeat":"repeat","background-position":"center center","background-size":"auto","background-attachment":"scroll","background-type":"","background-media":"","overlay-type":"","overlay-color":"","overlay-opacity":"","overlay-gradient":""},"tablet":{"background-color":"var(--ast-global-color-5)","background-image":"","background-repeat":"repeat","background-position":"center center","background-size":"auto","background-attachment":"scroll","background-type":"","background-media":"","overlay-type":"","overlay-color":"","overlay-opacity":"","overlay-gradient":""},"mobile":{"background-color":"var(--ast-global-color-5)","background-image":"","background-repeat":"repeat","background-position":"center center","background-size":"auto","background-attachment":"scroll","background-type":"","background-media":"","overlay-type":"","overlay-color":"","overlay-opacity":"","overlay-gradient":""}},"footnotes":""},"class_list":["post-1454","page","type-page","status-publish","hentry"],"_links":{"self":[{"href":"https:\/\/pensionjana.eu\/de\/wp-json\/wp\/v2\/pages\/1454","targetHints":{"allow":["GET"]}}],"collection":[{"href":"https:\/\/pensionjana.eu\/de\/wp-json\/wp\/v2\/pages"}],"about":[{"href":"https:\/\/pensionjana.eu\/de\/wp-json\/wp\/v2\/types\/page"}],"author":[{"embeddable":true,"href":"https:\/\/pensionjana.eu\/de\/wp-json\/wp\/v2\/users\/1"}],"replies":[{"embeddable":true,"href":"https:\/\/pensionjana.eu\/de\/wp-json\/wp\/v2\/comments?post=1454"}],"version-history":[{"count":8,"href":"https:\/\/pensionjana.eu\/de\/wp-json\/wp\/v2\/pages\/1454\/revisions"}],"predecessor-version":[{"id":1525,"href":"https:\/\/pensionjana.eu\/de\/wp-json\/wp\/v2\/pages\/1454\/revisions\/1525"}],"wp:attachment":[{"href":"https:\/\/pensionjana.eu\/de\/wp-json\/wp\/v2\/media?parent=1454"}],"curies":[{"name":"wp","href":"https:\/\/api.w.org\/{rel}","templated":true}]}}